{"id":33,"date":"2025-04-11T16:52:29","date_gmt":"2025-04-11T14:52:29","guid":{"rendered":"http:\/\/fxprecision.fr\/?page_id=33"},"modified":"2025-04-11T16:54:31","modified_gmt":"2025-04-11T14:54:31","slug":"accueil","status":"publish","type":"page","link":"https:\/\/fxprecision.fr\/","title":{"rendered":"Accueil"},"content":{"rendered":"\n<p>FX PR\u00c9CISION<\/p>\n\n\n\n<figure class=\"wp-block-image size-large\"><img loading=\"lazy\" decoding=\"async\" width=\"1024\" height=\"669\" src=\"http:\/\/fxprecision.fr\/wp-content\/uploads\/2023\/11\/FX-PRECISION-1024x669.jpg\" alt=\"\" class=\"wp-image-92\" srcset=\"https:\/\/fxprecision.fr\/wp-content\/uploads\/2023\/11\/FX-PRECISION-1024x669.jpg 1024w, https:\/\/fxprecision.fr\/wp-content\/uploads\/2023\/11\/FX-PRECISION-300x196.jpg 300w, https:\/\/fxprecision.fr\/wp-content\/uploads\/2023\/11\/FX-PRECISION-768x502.jpg 768w, https:\/\/fxprecision.fr\/wp-content\/uploads\/2023\/11\/FX-PRECISION-1200x784.jpg 1200w, https:\/\/fxprecision.fr\/wp-content\/uploads\/2023\/11\/FX-PRECISION.jpg 1281w\" sizes=\"auto, (max-width: 1024px) 100vw, 1024px\" \/><\/figure>\n\n\n\n<p>-R\u00e9alisation de pi\u00e8ces sur plan en usinage <\/p>\n\n\n\n<p>-R\u00e9alisation de pi\u00e8ce unitaire et petites s\u00e9ries<\/p>\n\n\n\n<p>-Diff\u00e9rentes mati\u00e8res : Acier, Inox, Aluminium, Laiton, Plastique, &#8230;<\/p>\n\n\n\n<p><\/p>\n","protected":false},"excerpt":{"rendered":"<p>FX PR\u00c9CISION -R\u00e9alisation de pi\u00e8ces sur plan en usinage -R\u00e9alisation de pi\u00e8ce unitaire et petites s\u00e9ries -Diff\u00e9rentes mati\u00e8res : Acier, Inox, Aluminium, Laiton, Plastique, &#8230;<\/p>\n","protected":false},"author":1,"featured_media":0,"parent":0,"menu_order":0,"comment_status":"closed","ping_status":"closed","template":"","meta":{"footnotes":""},"class_list":["post-33","page","type-page","status-publish","hentry"],"_links":{"self":[{"href":"https:\/\/fxprecision.fr\/index.php?rest_route=\/wp\/v2\/pages\/33","targetHints":{"allow":["GET"]}}],"collection":[{"href":"https:\/\/fxprecision.fr\/index.php?rest_route=\/wp\/v2\/pages"}],"about":[{"href":"https:\/\/fxprecision.fr\/index.php?rest_route=\/wp\/v2\/types\/page"}],"author":[{"embeddable":true,"href":"https:\/\/fxprecision.fr\/index.php?rest_route=\/wp\/v2\/users\/1"}],"replies":[{"embeddable":true,"href":"https:\/\/fxprecision.fr\/index.php?rest_route=%2Fwp%2Fv2%2Fcomments&post=33"}],"version-history":[{"count":10,"href":"https:\/\/fxprecision.fr\/index.php?rest_route=\/wp\/v2\/pages\/33\/revisions"}],"predecessor-version":[{"id":108,"href":"https:\/\/fxprecision.fr\/index.php?rest_route=\/wp\/v2\/pages\/33\/revisions\/108"}],"wp:attachment":[{"href":"https:\/\/fxprecision.fr\/index.php?rest_route=%2Fwp%2Fv2%2Fmedia&parent=33"}],"curies":[{"name":"wp","href":"https:\/\/api.w.org\/{rel}","templated":true}]}}